{"id":26,"date":"2023-12-16T21:59:22","date_gmt":"2023-12-16T21:59:22","guid":{"rendered":"https:\/\/a5.dxpeditions.org\/?page_id=26"},"modified":"2024-11-10T10:05:23","modified_gmt":"2024-11-10T10:05:23","slug":"sponsors","status":"publish","type":"page","link":"https:\/\/a5.dxpeditions.org\/?page_id=26","title":{"rendered":"Sponsors"},"content":{"rendered":"\n<p><\/p>\n\n\n\n<div class=\"wp-block-group\"><div class=\"wp-block-group__inner-container is-layout-constrained wp-block-group-is-layout-constrained\"><div class=\"wp-block-image\">\n<figure class=\"alignleft size-full\"><img loading=\"lazy\" decoding=\"async\" width=\"340\" height=\"348\" src=\"http:\/\/a5.dxpeditions.org\/wp-content\/uploads\/2023\/12\/courtsey-e1702766423787.jpg\" alt=\"\" class=\"wp-image-40\"\/><\/figure><\/div>\n\n\n<p><\/p>\n\n\n\n<p class=\"has-text-align-center has-x-large-font-size\"><strong>Welcome !<\/strong><\/p>\n\n\n\n<p><\/p>\n\n\n\n<p><\/p>\n<\/div><\/div>\n\n\n<div class=\"wp-block-image\">\n<figure class=\"alignleft size-full\"><img loading=\"lazy\" decoding=\"async\" width=\"80\" height=\"68\" src=\"http:\/\/a5.dxpeditions.org\/wp-content\/uploads\/2023\/12\/logo_VOT_new-2020-v1-80.png\" alt=\"\" class=\"wp-image-101\"\/><figcaption class=\"wp-element-caption\"><strong>Virtualny 73 Oddzia\u0142 PZK<\/strong><\/figcaption><\/figure><\/div>\n\n<div class=\"wp-block-image\">\n<figure class=\"alignleft size-full\"><img loading=\"lazy\" decoding=\"async\" width=\"41\" height=\"90\" src=\"http:\/\/a5.dxpeditions.org\/wp-content\/uploads\/2024\/01\/spdxc-e1705542320120.jpg\" alt=\"\" class=\"wp-image-175\"\/><figcaption class=\"wp-element-caption\"><strong>SP DX Club<\/strong><\/figcaption><\/figure><\/div>\n\n<div class=\"wp-block-image\">\n<figure class=\"alignleft size-full\"><img decoding=\"async\" src=\"http:\/\/a5.dxpeditions.org\/wp-content\/uploads\/2024\/03\/pk_ukf.png\" alt=\"\" class=\"wp-image-205\"\/><figcaption class=\"wp-element-caption\"><strong>Polski Klub UKF<\/strong><\/figcaption><\/figure><\/div>\n\n\n<div style=\"height:100px\" aria-hidden=\"true\" class=\"wp-block-spacer\"><\/div>\n\n\n\n<p><\/p>\n\n\n\n<p class=\"has-light-blue-color has-text-color has-link-color has-medium-font-size wp-elements-923da9b61f0d35f5464aa5c5346ad5d8\"><strong>Before operation<\/strong>:<\/p>\n\n\n\n<p><strong>JG1TSG &#8211; Kazuya Shimono<\/strong><\/p>\n\n\n\n<p><strong>K0YQ &#8211; John Grimm<\/strong><\/p>\n\n\n\n<p><strong>W5RG &#8211; Robert Gibson <\/strong><\/p>\n\n\n\n<p><strong>K1JX &#8211; Clarke V Greene<\/strong><\/p>\n\n\n\n<p><strong>W7EED &#8211; James Carlson<\/strong><\/p>\n\n\n\n<p><strong>AD5WB &#8211; Leslie Bartosh<\/strong><\/p>\n\n\n\n<p><strong>KM4NS &#8211; Rodger M Stutes<\/strong><\/p>\n\n\n\n<p><strong>SP6EQZ &#8211; W\u0142odek Herej<\/strong><\/p>\n\n\n\n<p><strong>JE6JYT &#8211; Keiji Furuki<\/strong><\/p>\n\n\n\n<p><strong>W2LO &#8211; Michael Mattes<\/strong><\/p>\n\n\n\n<p><strong>K4WM &#8211; Joel Hoag<\/strong><\/p>\n\n\n\n<p><strong>SP9HVW &#8211; J\u00f3zef \u0141uska<\/strong> <\/p>\n\n\n\n<p><strong>SP9FOW &#8211; Roman G\u0142adysz<\/strong><\/p>\n\n\n\n<p><strong>DM2HK &#8211; Hartmut Kordus<\/strong><\/p>\n\n\n\n<p><strong>SP5CCC &#8211; Tomasz Ciepielowski<\/strong><\/p>\n\n\n\n<p class=\"has-light-blue-color has-text-color has-link-color has-medium-font-size wp-elements-562a459dc2fa04a654ecf491e02ebca1\"><strong>During and after operation:<\/strong><\/p>\n\n\n\n<figure class=\"wp-block-image size-full\"><img loading=\"lazy\" decoding=\"async\" width=\"488\" height=\"167\" src=\"http:\/\/a5.dxpeditions.org\/wp-content\/uploads\/2024\/06\/Official-ADXA-Logo.jpg\" alt=\"\" class=\"wp-image-446\" srcset=\"https:\/\/a5.dxpeditions.org\/wp-content\/uploads\/2024\/06\/Official-ADXA-Logo.jpg 488w, https:\/\/a5.dxpeditions.org\/wp-content\/uploads\/2024\/06\/Official-ADXA-Logo-300x103.jpg 300w\" sizes=\"auto, (max-width: 488px) 85vw, 488px\" \/><\/figure>\n\n\n\n<p>K0ARM<\/p>\n\n\n\n<p>K5XI<\/p>\n\n\n\n<p>N7LRA<\/p>\n\n\n\n<p>W9EWZ<\/p>\n\n\n\n<p>W3KX<\/p>\n\n\n\n<p>4X1LM<\/p>\n\n\n\n<p>W3EFE<\/p>\n\n\n\n<p>WB5TOI<\/p>\n\n\n\n<p>W8HFY<\/p>\n\n\n\n<p>N7NR<\/p>\n\n\n\n<p>K6JJ<\/p>\n\n\n\n<p>KD2FSI<\/p>\n\n\n\n<p>WA4CEM<\/p>\n\n\n\n<p>K0YQ<\/p>\n\n\n\n<p>WF8R<\/p>\n\n\n\n<p>WA7BNG<\/p>\n\n\n\n<p>WB6CJT<\/p>\n\n\n\n<p>WA3OFR<\/p>\n\n\n\n<p>KJ7TEA<\/p>\n\n\n\n<p>KA1R<\/p>\n\n\n\n<p>GU0SUP<\/p>\n\n\n\n<p>K2GER<\/p>\n\n\n\n<p>KV4AA<\/p>\n\n\n\n<p>W5VY<\/p>\n\n\n\n<p>N0RR<\/p>\n\n\n\n<p>JH1NCZ<\/p>\n\n\n\n<p>KC1NDI<\/p>\n\n\n\n<p>W5HVV<\/p>\n\n\n\n<p>AK9PL<\/p>\n\n\n\n<p>WB9Z<\/p>\n\n\n\n<p>NX7U<\/p>\n\n\n\n<p>JH6CDI &#8211; Nariaka Marusato<\/p>\n\n\n\n<p>N1HO &#8211; Bayard Coolidge<\/p>\n\n\n\n<p>W1SRD &#8211; Steve Dyer<\/p>\n\n\n\n<p><\/p>\n\n\n\n<p><\/p>\n\n\n\n<p><\/p>\n\n\n\n<p><\/p>\n\n\n\n<p><\/p>\n\n\n\n<p><\/p>\n\n\n\n<figure class=\"wp-block-image size-full\"><img loading=\"lazy\" decoding=\"async\" width=\"686\" height=\"500\" src=\"http:\/\/a5.dxpeditions.org\/wp-content\/uploads\/2023\/12\/icegif-1083.gif\" alt=\"\" class=\"wp-image-129\"\/><\/figure>\n","protected":false},"excerpt":{"rendered":"<p>Welcome ! Before operation: JG1TSG &#8211; Kazuya Shimono K0YQ &#8211; John Grimm W5RG &#8211; Robert Gibson K1JX &#8211; Clarke V Greene W7EED &#8211; James Carlson AD5WB &#8211; Leslie Bartosh KM4NS &#8211; Rodger M Stutes SP6EQZ &#8211; W\u0142odek Herej JE6JYT &#8211; Keiji Furuki W2LO &#8211; Michael Mattes K4WM &#8211; Joel Hoag SP9HVW &#8211; J\u00f3zef \u0141uska SP9FOW &hellip; <a href=\"https:\/\/a5.dxpeditions.org\/?page_id=26\" class=\"more-link\">Continue reading<span class=\"screen-reader-text\"> &#8220;Sponsors&#8221;<\/span><\/a><\/p>\n","protected":false},"author":1,"featured_media":0,"parent":0,"menu_order":0,"comment_status":"closed","ping_status":"closed","template":"","meta":{"footnotes":""},"class_list":["post-26","page","type-page","status-publish","hentry"],"_links":{"self":[{"href":"https:\/\/a5.dxpeditions.org\/index.php?rest_route=\/wp\/v2\/pages\/26","targetHints":{"allow":["GET"]}}],"collection":[{"href":"https:\/\/a5.dxpeditions.org\/index.php?rest_route=\/wp\/v2\/pages"}],"about":[{"href":"https:\/\/a5.dxpeditions.org\/index.php?rest_route=\/wp\/v2\/types\/page"}],"author":[{"embeddable":true,"href":"https:\/\/a5.dxpeditions.org\/index.php?rest_route=\/wp\/v2\/users\/1"}],"replies":[{"embeddable":true,"href":"https:\/\/a5.dxpeditions.org\/index.php?rest_route=%2Fwp%2Fv2%2Fcomments&post=26"}],"version-history":[{"count":59,"href":"https:\/\/a5.dxpeditions.org\/index.php?rest_route=\/wp\/v2\/pages\/26\/revisions"}],"predecessor-version":[{"id":461,"href":"https:\/\/a5.dxpeditions.org\/index.php?rest_route=\/wp\/v2\/pages\/26\/revisions\/461"}],"wp:attachment":[{"href":"https:\/\/a5.dxpeditions.org\/index.php?rest_route=%2Fwp%2Fv2%2Fmedia&parent=26"}],"curies":[{"name":"wp","href":"https:\/\/api.w.org\/{rel}","templated":true}]}}